{"id":3121,"date":"2022-03-10T15:34:18","date_gmt":"2022-03-10T18:34:18","guid":{"rendered":"https:\/\/universeempresarial.com.br\/empresas\/?page_id=3121"},"modified":"2022-04-11T18:17:57","modified_gmt":"2022-04-11T21:17:57","slug":"excluir-empresa","status":"publish","type":"page","link":"https:\/\/universeempresarial.com.br\/empresas\/excluir-empresa\/","title":{"rendered":"Excluir Empresa"},"content":{"rendered":"\t\t<div data-elementor-type=\"wp-page\" data-elementor-id=\"3121\" class=\"elementor elementor-3121\" data-elementor-settings=\"[]\">\n\t\t\t\t\t\t<div class=\"elementor-inner\">\n\t\t\t\t\t\t\t<div class=\"elementor-section-wrap\">\n\t\t\t\t\t\t\t<section class=\"elementor-section elementor-top-section elementor-element elementor-element-d057c7c elementor-section-boxed elementor-section-height-default elementor-section-height-default\" data-id=\"d057c7c\" data-element_type=\"section\" data-settings=\"{&quot;jet_parallax_layout_list&quot;:[{&quot;jet_parallax_layout_image&quot;:{&quot;url&quot;:&quot;&quot;,&quot;id&quot;:&quot;&quot;},&quot;_id&quot;:&quot;56bfd15&quot;,&quot;jet_parallax_layout_image_tablet&quot;:{&quot;url&quot;:&quot;&quot;,&quot;id&quot;:&quot;&quot;},&quot;jet_parallax_layout_image_mobile&quot;:{&quot;url&quot;:&quot;&quot;,&quot;id&quot;:&quot;&quot;},&quot;jet_parallax_layout_speed&quot;:{&quot;unit&quot;:&quot;%&quot;,&quot;size&quot;:50,&quot;sizes&quot;:[]},&quot;jet_parallax_layout_type&quot;:&quot;scroll&quot;,&quot;jet_parallax_layout_direction&quot;:null,&quot;jet_parallax_layout_fx_direction&quot;:null,&quot;jet_parallax_layout_z_index&quot;:&quot;&quot;,&quot;jet_parallax_layout_bg_x&quot;:50,&quot;jet_parallax_layout_bg_x_tablet&quot;:&quot;&quot;,&quot;jet_parallax_layout_bg_x_mobile&quot;:&quot;&quot;,&quot;jet_parallax_layout_bg_y&quot;:50,&quot;jet_parallax_layout_bg_y_tablet&quot;:&quot;&quot;,&quot;jet_parallax_layout_bg_y_mobile&quot;:&quot;&quot;,&quot;jet_parallax_layout_bg_size&quot;:&quot;auto&quot;,&quot;jet_parallax_layout_bg_size_tablet&quot;:&quot;&quot;,&quot;jet_parallax_layout_bg_size_mobile&quot;:&quot;&quot;,&quot;jet_parallax_layout_animation_prop&quot;:&quot;transform&quot;,&quot;jet_parallax_layout_on&quot;:[&quot;desktop&quot;,&quot;tablet&quot;]}],&quot;_ha_eqh_enable&quot;:false}\">\n\t\t\t\t\t\t<div class=\"elementor-container elementor-column-gap-default\">\n\t\t\t\t\t\t\t<div class=\"elementor-row\">\n\t\t\t\t\t<div class=\"elementor-column elementor-col-100 elementor-top-column elementor-element elementor-element-d3157ae\" data-id=\"d3157ae\" data-element_type=\"column\">\n\t\t\t<div class=\"elementor-column-wrap elementor-element-populated\">\n\t\t\t\t\t\t\t<div class=\"elementor-widget-wrap\">\n\t\t\t\t\t\t<div class=\"elementor-element elementor-element-a27983c elementor-widget elementor-widget-heading\" data-id=\"a27983c\" data-element_type=\"widget\" data-widget_type=\"heading.default\">\n\t\t\t\t<div class=\"elementor-widget-container\">\n\t\t\t<h1 class=\"elementor-heading-title elementor-size-default\">Deseja Excluir a Empresa ?<\/h1>\t\t<\/div>\n\t\t\t\t<\/div>\n\t\t\t\t<div class=\"elementor-element elementor-element-1fda1fe elementor-widget elementor-widget-heading\" data-id=\"1fda1fe\" data-element_type=\"widget\" data-widget_type=\"heading.default\">\n\t\t\t\t<div class=\"elementor-widget-container\">\n\t\t\t<h5 class=\"elementor-heading-title elementor-size-default\">Por favor, preencha o formul\u00e1rio abaixo para excluir a empresa.<\/h5>\t\t<\/div>\n\t\t\t\t<\/div>\n\t\t\t\t\t\t<\/div>\n\t\t\t\t\t<\/div>\n\t\t<\/div>\n\t\t\t\t\t\t\t\t<\/div>\n\t\t\t\t\t<\/div>\n\t\t<\/section>\n\t\t\t\t<section class=\"elementor-section elementor-top-section elementor-element elementor-element-c5b29ed elementor-section-boxed elementor-section-height-default elementor-section-height-default\" data-id=\"c5b29ed\" data-element_type=\"section\" data-settings=\"{&quot;jet_parallax_layout_list&quot;:[{&quot;jet_parallax_layout_image&quot;:{&quot;url&quot;:&quot;&quot;,&quot;id&quot;:&quot;&quot;},&quot;_id&quot;:&quot;d322b23&quot;,&quot;jet_parallax_layout_image_tablet&quot;:{&quot;url&quot;:&quot;&quot;,&quot;id&quot;:&quot;&quot;},&quot;jet_parallax_layout_image_mobile&quot;:{&quot;url&quot;:&quot;&quot;,&quot;id&quot;:&quot;&quot;},&quot;jet_parallax_layout_speed&quot;:{&quot;unit&quot;:&quot;%&quot;,&quot;size&quot;:50,&quot;sizes&quot;:[]},&quot;jet_parallax_layout_type&quot;:&quot;scroll&quot;,&quot;jet_parallax_layout_direction&quot;:null,&quot;jet_parallax_layout_fx_direction&quot;:null,&quot;jet_parallax_layout_z_index&quot;:&quot;&quot;,&quot;jet_parallax_layout_bg_x&quot;:50,&quot;jet_parallax_layout_bg_x_tablet&quot;:&quot;&quot;,&quot;jet_parallax_layout_bg_x_mobile&quot;:&quot;&quot;,&quot;jet_parallax_layout_bg_y&quot;:50,&quot;jet_parallax_layout_bg_y_tablet&quot;:&quot;&quot;,&quot;jet_parallax_layout_bg_y_mobile&quot;:&quot;&quot;,&quot;jet_parallax_layout_bg_size&quot;:&quot;auto&quot;,&quot;jet_parallax_layout_bg_size_tablet&quot;:&quot;&quot;,&quot;jet_parallax_layout_bg_size_mobile&quot;:&quot;&quot;,&quot;jet_parallax_layout_animation_prop&quot;:&quot;transform&quot;,&quot;jet_parallax_layout_on&quot;:[&quot;desktop&quot;,&quot;tablet&quot;]}],&quot;_ha_eqh_enable&quot;:false}\">\n\t\t\t\t\t\t<div class=\"elementor-container elementor-column-gap-default\">\n\t\t\t\t\t\t\t<div class=\"elementor-row\">\n\t\t\t\t\t<div class=\"elementor-column elementor-col-100 elementor-top-column elementor-element elementor-element-983dbad\" data-id=\"983dbad\" data-element_type=\"column\">\n\t\t\t<div class=\"elementor-column-wrap elementor-element-populated\">\n\t\t\t\t\t\t\t<div class=\"elementor-widget-wrap\">\n\t\t\t\t\t\t<div class=\"elementor-element elementor-element-b35dec9 elementor-widget elementor-widget-jet-engine-booking-form\" data-id=\"b35dec9\" data-element_type=\"widget\" data-widget_type=\"jet-engine-booking-form.default\">\n\t\t\t\t<div class=\"elementor-widget-container\">\n\t\t\t<form  class=\"jet-form layout-column submit-type-reload\" action=\"https:\/\/universeempresarial.com.br\/empresas\/?jet_engine_action=book\" method=\"POST\" data-form-id=\"415\"><input class=\"jet-form__field hidden-field\" type=\"hidden\" name=\"_jet_engine_booking_form_id\" value=\"415\" data-field-name=\"_jet_engine_booking_form_id\"><input class=\"jet-form__field hidden-field\" type=\"hidden\" name=\"_jet_engine_refer\" value=\"https:\/\/universeempresarial.com.br\/empresas\/wp-json\/wp\/v2\/pages\/3121\" data-field-name=\"_jet_engine_refer\"><div  class=\"jet-form-row jet-form-row--hidden\"><div class=\"jet-form-col jet-form-col-12  field-type-hidden  jet-form-field-container\" data-field=\"post_id\" data-conditional=\"false\"><input class=\"jet-form__field hidden-field\" type=\"hidden\" name=\"post_id\" value=\"3121\" data-field-name=\"post_id\"><\/div><\/div><div  class=\"jet-form-row jet-form-row--first-visible\"><div class=\"jet-form-col jet-form-col-6  field-type-text  jet-form-field-container\" data-field=\"cpf_cnpj\" data-conditional=\"false\"><div class=\"jet-form__label\">\n\t<span class=\"jet-form__label-text\" >CPF\/CNPJ<span class=\"jet-form__required\">*<\/span><\/span>\n\t<\/div><input class=\"jet-form__field text-field \" value=\"\" required=\"required\" name=\"cpf_cnpj\" id=\"cpf_cnpj\" type=\"text\" data-field-name=\"cpf_cnpj\"><\/div><\/div><div  class=\"jet-form-row jet-form-row--hidden jet-form-row--first-visible\"><\/div><div  class=\"jet-form-row jet-form-row--hidden jet-form-row--first-visible\"><\/div><div  class=\"jet-form-row jet-form-row--hidden jet-form-row--first-visible\"><\/div><div  class=\"jet-form-row jet-form-row--hidden jet-form-row--first-visible\"><\/div><div  class=\"jet-form-row jet-form-row--hidden jet-form-row--first-visible\"><\/div><div  class=\"jet-form-row jet-form-row--hidden jet-form-row--first-visible\"><\/div><div  class=\"jet-form-row\"><div class=\"jet-form-col jet-form-col-6  field-type-text  jet-form-field-container\" data-field=\"doctolaria\" data-conditional=\"false\"><div class=\"jet-form__label\">\n\t<span class=\"jet-form__label-text\" >Doctolaria<span class=\"jet-form__required\">*<\/span><\/span>\n\t<\/div><input class=\"jet-form__field text-field \" value=\"\" required=\"required\" name=\"doctolaria\" id=\"doctolaria\" type=\"text\" data-field-name=\"doctolaria\"><\/div><\/div><div  class=\"jet-form-row jet-form-row--hidden\"><\/div><div  class=\"jet-form-row jet-form-row--submit\"><div class=\"jet-form-col jet-form-col-12  field-type-submit  jet-form-field-container\" data-field=\"Submit\" data-conditional=\"false\"><div class=\"jet-form__submit-wrap\">\n\t\t<button class=\"jet-form__submit submit-type-reload\" type=\"submit\">Confirmar Altera\u00e7\u00e3o<\/button>\n<\/div><\/div><\/div><\/form>\t\t<\/div>\n\t\t\t\t<\/div>\n\t\t\t\t\t\t<\/div>\n\t\t\t\t\t<\/div>\n\t\t<\/div>\n\t\t\t\t\t\t\t\t<\/div>\n\t\t\t\t\t<\/div>\n\t\t<\/section>\n\t\t\t\t\t\t<\/div>\n\t\t\t\t\t\t<\/div>\n\t\t\t\t\t<\/div>\n\t\t","protected":false},"excerpt":{"rendered":"<p>Deseja Excluir a Empresa ? Por favor, preencha o formul\u00e1rio abaixo para excluir a empresa. CPF\/CNPJ* Nome da Empresa* Respons\u00e1vel pela solicita\u00e7\u00e3o NOME* TELEFONE* E-MAIL* BLOCO E SALA* MOTIVO PELO QUAL DESEJA EXCLUIR A EMPRESA* Enviar<\/p>\n","protected":false},"author":3,"featured_media":0,"parent":0,"menu_order":0,"comment_status":"closed","ping_status":"closed","template":"elementor_header_footer","meta":{"footnotes":""},"_links":{"self":[{"href":"https:\/\/universeempresarial.com.br\/empresas\/wp-json\/wp\/v2\/pages\/3121"}],"collection":[{"href":"https:\/\/universeempresarial.com.br\/empresas\/wp-json\/wp\/v2\/pages"}],"about":[{"href":"https:\/\/universeempresarial.com.br\/empresas\/wp-json\/wp\/v2\/types\/page"}],"author":[{"embeddable":true,"href":"https:\/\/universeempresarial.com.br\/empresas\/wp-json\/wp\/v2\/users\/3"}],"replies":[{"embeddable":true,"href":"https:\/\/universeempresarial.com.br\/empresas\/wp-json\/wp\/v2\/comments?post=3121"}],"version-history":[{"count":64,"href":"https:\/\/universeempresarial.com.br\/empresas\/wp-json\/wp\/v2\/pages\/3121\/revisions"}],"predecessor-version":[{"id":3517,"href":"https:\/\/universeempresarial.com.br\/empresas\/wp-json\/wp\/v2\/pages\/3121\/revisions\/3517"}],"wp:attachment":[{"href":"https:\/\/universeempresarial.com.br\/empresas\/wp-json\/wp\/v2\/media?parent=3121"}],"curies":[{"name":"wp","href":"https:\/\/api.w.org\/{rel}","templated":true}]}}